{"id":112,"date":"2022-11-11T14:33:02","date_gmt":"2022-11-11T20:33:02","guid":{"rendered":"https:\/\/www.posgrado.unam.mx\/pcmarylimnologia2\/?page_id=112"},"modified":"2023-07-06T15:32:46","modified_gmt":"2023-07-06T20:32:46","slug":"tutorales","status":"publish","type":"page","link":"https:\/\/marylimnologia.posgrado.unam.mx\/index.php\/tutorales\/","title":{"rendered":"Tutorales"},"content":{"rendered":"\n<div class=\"wp-block-cover is-light\" style=\"min-height:83px;aspect-ratio:unset;\"><span aria-hidden=\"true\" class=\"wp-block-cover__background has-background-dim\"><\/span><img loading=\"lazy\" decoding=\"async\" width=\"1024\" height=\"128\" class=\"wp-block-cover__image-background wp-image-1373\" alt=\"\" src=\"https:\/\/posgrado.unam.mx\/pcmarylimnologia2\/wp-content\/uploads\/2023\/04\/encabezados-doctorado-1024x128.jpg\" style=\"object-position:82% 55%\" data-object-fit=\"cover\" data-object-position=\"82% 55%\" srcset=\"https:\/\/marylimnologia.posgrado.unam.mx\/wp-content\/uploads\/2023\/04\/encabezados-doctorado-1024x128.jpg 1024w, https:\/\/marylimnologia.posgrado.unam.mx\/wp-content\/uploads\/2023\/04\/encabezados-doctorado-300x38.jpg 300w, https:\/\/marylimnologia.posgrado.unam.mx\/wp-content\/uploads\/2023\/04\/encabezados-doctorado-768x96.jpg 768w, https:\/\/marylimnologia.posgrado.unam.mx\/wp-content\/uploads\/2023\/04\/encabezados-doctorado-1536x192.jpg 1536w, https:\/\/marylimnologia.posgrado.unam.mx\/wp-content\/uploads\/2023\/04\/encabezados-doctorado.jpg 1600w\" sizes=\"auto, (max-width: 1024px) 100vw, 1024px\" \/><div class=\"wp-block-cover__inner-container is-layout-flow wp-block-cover-is-layout-flow\">\n<p class=\"has-text-align-center has-white-color has-text-color has-large-font-size\">Tutorales<\/p>\n<\/div><\/div>\n\n\n\n<p><\/p>\n\n\n\n<p class=\"has-text-color has-medium-font-size\" style=\"color:#67aaaa\"><strong>Reglamento de Ex\u00e1menes Semestrales Doctorado<\/strong><\/p>\n\n\n\n<p>1. Cada estudiante contar\u00e1 con un Comit\u00e9 Tutor integrado por tres tutores acreditados en el programa, de los cuales al menos uno deber\u00e1 ser externo a la Entidad Acad\u00e9mica donde el estudiante realice su trabajo de investigaci\u00f3n. Uno de ellos fungir\u00e1 como director de tesis de grado, asesorando y supervisando cercanamente el desempe\u00f1o del estudiante.<\/p>\n\n\n\n<p>2. El Comit\u00e9 Tutor ser\u00e1 nombrado por el Comit\u00e9 Acad\u00e9mico a propuesta del alumno y\/o del coordinador del programa, y deber\u00e1 quedar establecido al ingreso del alumnado al posgrado.&nbsp; Este comit\u00e9 ser\u00e1 el encargado de asesorar al estudiante en el desarrollo de sus actividades acad\u00e9micas y trabajo de investigaci\u00f3n.<\/p>\n\n\n\n<p>3. El Comit\u00e9 Tutor en pleno evaluar\u00e1 al alumno mediante un examen semestral, en el cual se revisar\u00e1 tanto el trabajo de investigaci\u00f3n como las actividades acad\u00e9micas realizadas por el alumno y sus avances hasta la fecha. Asimismo, se revisar\u00e1 el cronograma para checar el cumplimiento de los tiempos.<\/p>\n\n\n\n<p>4.&nbsp; El examen semestral se realizar\u00e1 al final de cada semestre, ser\u00e1 p\u00fablico y calendarizado dentro del periodo que para ello establezca la coordinaci\u00f3n del PCML. Es obligaci\u00f3n del alumno acordar con todos los miembros de su Comit\u00e9 Tutor la fecha y hora de realizaci\u00f3n de dicha reuni\u00f3n, de forma que todos sus tutores puedan asistir al examen. Dicha fecha y horario deber\u00e1 ser solicitada en la coordinaci\u00f3n del PCML antes del inicio del per\u00edodo de ex\u00e1menes de cada semestre. Los alumnos de octavo semestre realizan sus ex\u00e1menes tutorales en un per\u00edodo anterior al de los semestres primero al s\u00e9ptimo.<\/p>\n\n\n\n<p>5. El examen incluye la entrega por parte del alumno de un informe de actividades por escrito a cada uno de los miembros de su Comit\u00e9 Tutor.&nbsp; El informe deber\u00e1 incluir las actividades que realiz\u00f3 durante el semestre, la versi\u00f3n m\u00e1s reciente de su proyecto de investigaci\u00f3n o borrador de tesis, seg\u00fan su grado de avance, y el cronograma de actividades hasta el fin de la tesis.<\/p>\n\n\n\n<p>6. Sin importar la fecha del examen y con el fin de no privilegiar a los alumnos que realicen sus ex\u00e1menes al final del periodo, el informe escrito se deber\u00e1 entregar a los tutores por lo menos una semana antes del&nbsp;<strong>PRIMER D\u00cdA DEL PERIODO DE EX\u00c1MENES SEMESTRALES.<\/strong><\/p>\n\n\n\n<p>7. Al final del quinto semestre de doctorado se revisar\u00e1 el avance del (los) art\u00edculo(s) a ser enviados, con el fin de que al sexto semestre el art\u00edculo ya haya sido enviado a la revista de elecci\u00f3n.<\/p>\n\n\n\n<p>8. El desempe\u00f1o del alumno ser\u00e1 evaluado por el Comit\u00e9 Tutor, tomando en cuenta tanto su avance durante el semestre como su informe escrito y su desempe\u00f1o durante el examen.&nbsp;El director de tesis deber\u00e1 asistir al examen semestral<strong>,<\/strong> y asentar\u00e1 la explicaci\u00f3n sobre el desempe\u00f1o acad\u00e9mico en la plataforma correspondiente.<\/p>\n\n\n\n<p>9. Las asignaturas y actividades complementarias que a juicio del Comit\u00e9 Tutor deber\u00e1 cursar el alumno(a) durante el siguiente semestre, ser\u00e1n asentadas junto con el desempe\u00f1o del alumno(a) en la plataforma correspondiente. Durante el 8vo semestre, el Comit\u00e9 Acad\u00e9mico validar\u00e1 las actividades bas\u00e1ndose de acuerdo a&nbsp;<a href=\"https:\/\/posgrado.unam.mx\/pcmarylimnologia\/index.php\/actividades-complementarias\/\">https:\/\/posgrado.unam.mx\/pcmarylimnologia\/index.php\/actividades-complementarias\/<\/a><\/p>\n\n\n\n<p>10. En caso de alguna evaluaci\u00f3n negativa, el Comit\u00e9 Acad\u00e9mico analizar\u00e1 el caso y podr\u00e1 recomendar la permanencia del estudiante por un semestre m\u00e1s con los condicionamientos que considere pertinentes. Si el alumno obtiene dos evaluaciones semestrales desfavorables por parte de su Comit\u00e9 Tutor, no podr\u00e1 continuar en el programa y ser\u00e1 dado de baja.<\/p>\n","protected":false},"excerpt":{"rendered":"<p>Reglamento de Ex\u00e1menes Semestrales Doctorado 1. Cada estudiante contar\u00e1 con un Comit\u00e9 Tutor integrado por tres tutores acreditados en el programa, de los cuales al menos uno deber\u00e1 ser externo a la Entidad Acad\u00e9mica donde el estudiante realice su trabajo de investigaci\u00f3n. Uno de ellos fungir\u00e1 como director de tesis de grado, asesorando y supervisando [&hellip;]<\/p>\n","protected":false},"author":1,"featured_media":0,"parent":0,"menu_order":0,"comment_status":"closed","ping_status":"closed","template":"","meta":{"footnotes":""},"class_list":["post-112","page","type-page","status-publish","hentry","post"],"_links":{"self":[{"href":"https:\/\/marylimnologia.posgrado.unam.mx\/index.php\/wp-json\/wp\/v2\/pages\/112","targetHints":{"allow":["GET"]}}],"collection":[{"href":"https:\/\/marylimnologia.posgrado.unam.mx\/index.php\/wp-json\/wp\/v2\/pages"}],"about":[{"href":"https:\/\/marylimnologia.posgrado.unam.mx\/index.php\/wp-json\/wp\/v2\/types\/page"}],"author":[{"embeddable":true,"href":"https:\/\/marylimnologia.posgrado.unam.mx\/index.php\/wp-json\/wp\/v2\/users\/1"}],"replies":[{"embeddable":true,"href":"https:\/\/marylimnologia.posgrado.unam.mx\/index.php\/wp-json\/wp\/v2\/comments?post=112"}],"version-history":[{"count":11,"href":"https:\/\/marylimnologia.posgrado.unam.mx\/index.php\/wp-json\/wp\/v2\/pages\/112\/revisions"}],"predecessor-version":[{"id":2250,"href":"https:\/\/marylimnologia.posgrado.unam.mx\/index.php\/wp-json\/wp\/v2\/pages\/112\/revisions\/2250"}],"wp:attachment":[{"href":"https:\/\/marylimnologia.posgrado.unam.mx\/index.php\/wp-json\/wp\/v2\/media?parent=112"}],"curies":[{"name":"wp","href":"https:\/\/api.w.org\/{rel}","templated":true}]}}