{"id":1114,"date":"2023-03-26T16:23:36","date_gmt":"2023-03-26T22:23:36","guid":{"rendered":"https:\/\/posgrado.unam.mx\/pcmarylimnologia2\/index.php\/home-page\/"},"modified":"2026-04-05T14:14:03","modified_gmt":"2026-04-05T20:14:03","slug":"home-page","status":"publish","type":"page","link":"https:\/\/marylimnologia.posgrado.unam.mx\/","title":{"rendered":"Home Page"},"content":{"rendered":"<div id=\"pl-1114\"  class=\"panel-layout\" ><div id=\"pg-1114-0\"  class=\"panel-grid panel-no-style\" ><div id=\"pgc-1114-0-0\"  class=\"panel-grid-cell\" ><\/div><\/div><div id=\"pg-1114-1\"  class=\"panel-grid panel-has-style\" ><div class=\"wide-grey panel-row-style panel-row-style-for-1114-1\" ><div id=\"pgc-1114-1-0\"  class=\"panel-grid-cell\" ><div id=\"panel-1114-1-0-0\" class=\"so-panel widget widget_headline-widget panel-first-child panel-last-child\" data-index=\"1\" ><div class=\"so-parallax panel-widget-style panel-widget-style-for-1114-1-0-0\" ><img fetchpriority=\"high\" decoding=\"async\" width=\"1080\" height=\"265\" src=\"https:\/\/marylimnologia.posgrado.unam.mx\/wp-content\/uploads\/2023\/03\/Banner-convocatoria-1080x265.jpg\" class=\"attachment-vantage-thumbnail-no-sidebar size-vantage-thumbnail-no-sidebar\" alt=\"\" data-siteorigin-parallax=\"true\" loading=\"eager\" \/>\t\t<h1>Convocatoria 2027-1 <br \/> Maestr\u00eda y Doctorado<\/h1>\n\t\t<div class=\"decoration\"><div class=\"decoration-inside\"><\/div><\/div>\n\t\t<h3><\/h3>\n\t\t<\/div><\/div><\/div><\/div><\/div><div id=\"pg-1114-2\"  class=\"panel-grid panel-no-style\" ><div id=\"pgc-1114-2-0\"  class=\"panel-grid-cell panel-grid-cell-empty\" ><\/div><\/div><div id=\"pg-1114-3\"  class=\"panel-grid panel-no-style\" ><div id=\"pgc-1114-3-0\"  class=\"panel-grid-cell\" ><div id=\"panel-1114-3-0-0\" class=\"so-panel widget widget_headline-widget panel-first-child\" data-index=\"2\" ><div class=\"so-parallax panel-widget-style panel-widget-style-for-1114-3-0-0\" ><img decoding=\"async\" width=\"646\" height=\"318\" src=\"https:\/\/marylimnologia.posgrado.unam.mx\/wp-content\/uploads\/2023\/04\/btn-base1.jpg\" class=\"attachment-full size-full\" alt=\"\" data-siteorigin-parallax=\"true\" loading=\"eager\" srcset=\"https:\/\/marylimnologia.posgrado.unam.mx\/wp-content\/uploads\/2023\/04\/btn-base1.jpg 646w, https:\/\/marylimnologia.posgrado.unam.mx\/wp-content\/uploads\/2023\/04\/btn-base1-300x148.jpg 300w\" sizes=\"(max-width: 646px) 100vw, 646px\" \/>\t\t<h1>Convocatoria Maestr\u00eda y Doctorado 2027-1<\/h1>\n\t\t<div class=\"decoration\"><div class=\"decoration-inside\"><\/div><\/div>\n\t\t<h3><a href=\"https:\/\/marylimnologia.posgrado.unam.mx\/wp-content\/uploads\/2025\/11\/Suplemento-Convocatoria-2027-1.pdf\" target=\"_blank\">Da clicl para ver la informaci\u00f3n<\/a><\/h3>\n\t\t<\/div><\/div><div id=\"panel-1114-3-0-1\" class=\"so-panel widget widget_headline-widget\" data-index=\"3\" ><div class=\"so-parallax panel-widget-style panel-widget-style-for-1114-3-0-1\" ><img decoding=\"async\" width=\"646\" height=\"318\" src=\"https:\/\/marylimnologia.posgrado.unam.mx\/wp-content\/uploads\/2023\/04\/btn-base1.jpg\" class=\"attachment-full size-full\" alt=\"\" data-siteorigin-parallax=\"true\" loading=\"eager\" srcset=\"https:\/\/marylimnologia.posgrado.unam.mx\/wp-content\/uploads\/2023\/04\/btn-base1.jpg 646w, https:\/\/marylimnologia.posgrado.unam.mx\/wp-content\/uploads\/2023\/04\/btn-base1-300x148.jpg 300w\" sizes=\"(max-width: 646px) 100vw, 646px\" \/>\t\t<h1>Instructivo Doctorado 2027-1<\/h1>\n\t\t<div class=\"decoration\"><div class=\"decoration-inside\"><\/div><\/div>\n\t\t<h3><a href=\"https:\/\/marylimnologia.posgrado.unam.mx\/wp-content\/uploads\/2025\/11\/DoctoradoInstructivo2027-1.pdf\" target=\"_blank\">Da clic aqu\u00ed para ver la informaci\u00f3n<\/a><\/h3>\n\t\t<\/div><\/div><div id=\"panel-1114-3-0-2\" class=\"so-panel widget widget_headline-widget panel-last-child\" data-index=\"4\" ><div class=\"so-parallax panel-widget-style panel-widget-style-for-1114-3-0-2\" ><img decoding=\"async\" width=\"646\" height=\"318\" src=\"https:\/\/marylimnologia.posgrado.unam.mx\/wp-content\/uploads\/2023\/04\/btn-base1.jpg\" class=\"attachment-full size-full\" alt=\"\" data-siteorigin-parallax=\"true\" loading=\"eager\" srcset=\"https:\/\/marylimnologia.posgrado.unam.mx\/wp-content\/uploads\/2023\/04\/btn-base1.jpg 646w, https:\/\/marylimnologia.posgrado.unam.mx\/wp-content\/uploads\/2023\/04\/btn-base1-300x148.jpg 300w\" sizes=\"(max-width: 646px) 100vw, 646px\" \/>\t\t<h1>   Consideraciones Adicionales  admisi\u00f3n 2027-1<\/h1>\n\t\t<div class=\"decoration\"><div class=\"decoration-inside\"><\/div><\/div>\n\t\t<h3><a href=\"https:\/\/marylimnologia.posgrado.unam.mx\/wp-content\/uploads\/2025\/11\/ConsideracionesAdicionales.pdf\" target=\"_blank\">Da clic para ver la informaci\u00f3n<\/a><\/h3>\n\t\t<\/div><\/div><\/div><div id=\"pgc-1114-3-1\"  class=\"panel-grid-cell\" ><div id=\"panel-1114-3-1-0\" class=\"so-panel widget widget_headline-widget panel-first-child\" data-index=\"5\" ><div class=\"so-parallax panel-widget-style panel-widget-style-for-1114-3-1-0\" ><img decoding=\"async\" width=\"646\" height=\"318\" src=\"https:\/\/marylimnologia.posgrado.unam.mx\/wp-content\/uploads\/2023\/04\/btn-base3.jpg\" class=\"attachment-full size-full\" alt=\"\" data-siteorigin-parallax=\"true\" loading=\"eager\" srcset=\"https:\/\/marylimnologia.posgrado.unam.mx\/wp-content\/uploads\/2023\/04\/btn-base3.jpg 646w, https:\/\/marylimnologia.posgrado.unam.mx\/wp-content\/uploads\/2023\/04\/btn-base3-300x148.jpg 300w\" sizes=\"(max-width: 646px) 100vw, 646px\" \/>\t\t<h1>Programaci\u00f3n de Pruebas de Ingreso 2027-1<\/h1>\n\t\t<div class=\"decoration\"><div class=\"decoration-inside\"><\/div><\/div>\n\t\t<h3><a href=\"https:\/\/marylimnologia.posgrado.unam.mx\/wp-content\/uploads\/2026\/03\/Programacion-Pruebas-Ingreso_marzo2026.pdf\" target=\"_blank\">Da clicl para ver la informaci\u00f3n<\/a><\/h3>\n\t\t<\/div><\/div><div id=\"panel-1114-3-1-1\" class=\"so-panel widget widget_headline-widget\" data-index=\"6\" ><div class=\"so-parallax panel-widget-style panel-widget-style-for-1114-3-1-1\" ><img decoding=\"async\" width=\"646\" height=\"318\" src=\"https:\/\/marylimnologia.posgrado.unam.mx\/wp-content\/uploads\/2023\/04\/btn-base3.jpg\" class=\"attachment-full size-full\" alt=\"\" data-siteorigin-parallax=\"true\" loading=\"eager\" srcset=\"https:\/\/marylimnologia.posgrado.unam.mx\/wp-content\/uploads\/2023\/04\/btn-base3.jpg 646w, https:\/\/marylimnologia.posgrado.unam.mx\/wp-content\/uploads\/2023\/04\/btn-base3-300x148.jpg 300w\" sizes=\"(max-width: 646px) 100vw, 646px\" \/>\t\t<h1>Instructivo Maestr\u00eda 2027-1<\/h1>\n\t\t<div class=\"decoration\"><div class=\"decoration-inside\"><\/div><\/div>\n\t\t<h3><a href=\"https:\/\/marylimnologia.posgrado.unam.mx\/wp-content\/uploads\/2025\/11\/MaestriaInstructivo2027-1.pdf\" target=\"_blank\">Da clic aqu\u00ed para ver la informaci\u00f3n<\/a><\/h3>\n\t\t<\/div><\/div><div id=\"panel-1114-3-1-2\" class=\"so-panel widget widget_headline-widget panel-last-child\" data-index=\"7\" ><div class=\"so-parallax panel-widget-style panel-widget-style-for-1114-3-1-2\" ><img decoding=\"async\" width=\"646\" height=\"318\" src=\"https:\/\/marylimnologia.posgrado.unam.mx\/wp-content\/uploads\/2023\/04\/btn-base3.jpg\" class=\"attachment-full size-full\" alt=\"\" data-siteorigin-parallax=\"true\" loading=\"eager\" srcset=\"https:\/\/marylimnologia.posgrado.unam.mx\/wp-content\/uploads\/2023\/04\/btn-base3.jpg 646w, https:\/\/marylimnologia.posgrado.unam.mx\/wp-content\/uploads\/2023\/04\/btn-base3-300x148.jpg 300w\" sizes=\"(max-width: 646px) 100vw, 646px\" \/>\t\t<h1>Etapa de entrevistas, admisi\u00f3n 2027-1<\/h1>\n\t\t<div class=\"decoration\"><div class=\"decoration-inside\"><\/div><\/div>\n\t\t<h3><a href=\"\/\/marylimnologia.posgrado.unam.mx\/wp-content\/uploads\/2026\/04\/InformacionFoliosEntrevistas_Abril2026.pdf\u201d\" target=\"_blank\">Da clic para ver la informaci\u00f3n<\/a><\/h3>\n\t\t<\/div><\/div><\/div><\/div><div id=\"pg-1114-4\"  class=\"panel-grid panel-has-style\" ><div class=\"panel-row-style panel-row-style-for-1114-4\" ><div id=\"pgc-1114-4-0\"  class=\"panel-grid-cell\" ><div id=\"panel-1114-4-0-0\" class=\"so-panel widget widget_sow-button panel-first-child panel-last-child\" data-index=\"8\" ><div class=\"panel-widget-style panel-widget-style-for-1114-4-0-0\" ><div\n\t\t\t\n\t\t\tclass=\"so-widget-sow-button so-widget-sow-button-atom-4be68b362e45-1114\"\n\t\t\t\n\t\t><div class=\"ow-button-base ow-button-align-center\">\n\t\t\t<a\n\t\t\t\tclass=\"sowb-button ow-icon-placement-top ow-button-hover\" target=\"_blank\" rel=\"noopener noreferrer\" \t>\n\t\t<span>\n\t\t\t<span class=\"sow-icon-elegantline\" data-sow-icon=\"&#xe00d;\"\n\t\tstyle=\"color: #f9f9f9\" \n\t\taria-hidden=\"true\"><\/span>\n\t\t\tConvocatoria anterior 2026-2<br \/> \t\t<\/span>\n\t\t\t<\/a>\n\t<\/div>\n<\/div><\/div><\/div><\/div><div id=\"pgc-1114-4-1\"  class=\"panel-grid-cell panel-grid-cell-empty panel-grid-cell-mobile-last\" ><\/div><div id=\"pgc-1114-4-2\"  class=\"panel-grid-cell panel-grid-cell-empty\" ><\/div><\/div><\/div><div id=\"pg-1114-5\"  class=\"panel-grid panel-no-style\" ><div id=\"pgc-1114-5-0\"  class=\"panel-grid-cell panel-grid-cell-empty\" ><\/div><div id=\"pgc-1114-5-1\"  class=\"panel-grid-cell panel-grid-cell-mobile-last\" ><div id=\"panel-1114-5-1-0\" class=\"widget_text so-panel widget widget_custom_html panel-first-child panel-last-child\" data-index=\"9\" ><div class=\"textwidget custom-html-widget\">\n<div id=\"strcpv-website-counter\">N\/A<\/div>\n<style>\n#strcpv-website-counter {\ntext-align: center;\n}\n#strcpv-website-counter p {\ndisplay: inline-block !important;\npadding-top: 0 !important;\npadding-bottom: 0 !important;\npadding-left: 5px !important;\npadding-right: 1px !important;\nletter-spacing: 5px !important;\nbackground-color: #d8d8d8 !important;\ncolor: #333333 !important;\nborder-radius: 4px !important;\nfont-weight: bold !important;\nfont-size: 12px !important;\n}\n<\/style><\/div><\/div><\/div><div id=\"pgc-1114-5-2\"  class=\"panel-grid-cell panel-grid-cell-empty\" ><\/div><\/div><\/div>","protected":false},"excerpt":{"rendered":"<p>Convocatoria 2027-1 Maestr\u00eda y Doctorado Convocatoria Maestr\u00eda y Doctorado 2027-1 Da clicl para ver la informaci\u00f3n Instructivo Doctorado 2027-1 Da clic aqu\u00ed para ver la informaci\u00f3n Consideraciones Adicionales admisi\u00f3n 2027-1 Da clic para ver la informaci\u00f3n Programaci\u00f3n de Pruebas de Ingreso 2027-1 Da clicl para ver la informaci\u00f3n Instructivo Maestr\u00eda 2027-1 Da clic aqu\u00ed para [&hellip;]<\/p>\n","protected":false},"author":1,"featured_media":0,"parent":0,"menu_order":0,"comment_status":"closed","ping_status":"closed","template":"home-panels.php","meta":{"footnotes":""},"class_list":["post-1114","page","type-page","status-publish","hentry","post"],"_links":{"self":[{"href":"https:\/\/marylimnologia.posgrado.unam.mx\/index.php\/wp-json\/wp\/v2\/pages\/1114","targetHints":{"allow":["GET"]}}],"collection":[{"href":"https:\/\/marylimnologia.posgrado.unam.mx\/index.php\/wp-json\/wp\/v2\/pages"}],"about":[{"href":"https:\/\/marylimnologia.posgrado.unam.mx\/index.php\/wp-json\/wp\/v2\/types\/page"}],"author":[{"embeddable":true,"href":"https:\/\/marylimnologia.posgrado.unam.mx\/index.php\/wp-json\/wp\/v2\/users\/1"}],"replies":[{"embeddable":true,"href":"https:\/\/marylimnologia.posgrado.unam.mx\/index.php\/wp-json\/wp\/v2\/comments?post=1114"}],"version-history":[{"count":1,"href":"https:\/\/marylimnologia.posgrado.unam.mx\/index.php\/wp-json\/wp\/v2\/pages\/1114\/revisions"}],"predecessor-version":[{"id":1115,"href":"https:\/\/marylimnologia.posgrado.unam.mx\/index.php\/wp-json\/wp\/v2\/pages\/1114\/revisions\/1115"}],"wp:attachment":[{"href":"https:\/\/marylimnologia.posgrado.unam.mx\/index.php\/wp-json\/wp\/v2\/media?parent=1114"}],"curies":[{"name":"wp","href":"https:\/\/api.w.org\/{rel}","templated":true}]}}