{"id":105,"date":"2022-11-11T14:30:37","date_gmt":"2022-11-11T20:30:37","guid":{"rendered":"https:\/\/www.posgrado.unam.mx\/pcmarylimnologia2\/?page_id=105"},"modified":"2024-06-12T12:01:53","modified_gmt":"2024-06-12T18:01:53","slug":"actividades-complementarias","status":"publish","type":"page","link":"https:\/\/marylimnologia.posgrado.unam.mx\/index.php\/actividades-complementarias\/","title":{"rendered":"Actividades complementarias"},"content":{"rendered":"\n<div class=\"wp-block-cover is-light\" style=\"min-height:59px;aspect-ratio:unset;\"><span aria-hidden=\"true\" class=\"wp-block-cover__background has-background-dim\"><\/span><img loading=\"lazy\" decoding=\"async\" width=\"1024\" height=\"128\" class=\"wp-block-cover__image-background wp-image-1373\" alt=\"\" src=\"https:\/\/posgrado.unam.mx\/pcmarylimnologia2\/wp-content\/uploads\/2023\/04\/encabezados-doctorado-1024x128.jpg\" style=\"object-position:82% 55%\" data-object-fit=\"cover\" data-object-position=\"82% 55%\" srcset=\"https:\/\/marylimnologia.posgrado.unam.mx\/wp-content\/uploads\/2023\/04\/encabezados-doctorado-1024x128.jpg 1024w, https:\/\/marylimnologia.posgrado.unam.mx\/wp-content\/uploads\/2023\/04\/encabezados-doctorado-300x38.jpg 300w, https:\/\/marylimnologia.posgrado.unam.mx\/wp-content\/uploads\/2023\/04\/encabezados-doctorado-768x96.jpg 768w, https:\/\/marylimnologia.posgrado.unam.mx\/wp-content\/uploads\/2023\/04\/encabezados-doctorado-1536x192.jpg 1536w, https:\/\/marylimnologia.posgrado.unam.mx\/wp-content\/uploads\/2023\/04\/encabezados-doctorado.jpg 1600w\" sizes=\"auto, (max-width: 1024px) 100vw, 1024px\" \/><div class=\"wp-block-cover__inner-container is-layout-flow wp-block-cover-is-layout-flow\">\n<p class=\"has-text-align-center has-white-color has-text-color has-large-font-size\">Actividades complementarias<\/p>\n<\/div><\/div>\n\n\n\n<p>De acuerdo al Plan de Estudios del Doctorado en Ciencias del Mar y Limnolog\u00eda, a partir del primer semestre los alumnos deber\u00e1n realizar\/cursar las Actividades de Investigaci\u00f3n Complementarias. Para los alumnos inscritos al primer semestre a partir de enero 2016 (Nuevo Plan de Estudios, CABQYS 05\/11\/2015) se escogen de una a cuatro por semestre, hasta cubrir un m\u00ednimo de 8 actividades; para los alumnos inscritos al primer semestre antes de enero 2016, se escogen de una a dos por semestre, hasta cubrir un m\u00ednimo de 8 actividades<\/p>\n\n\n\n<p class=\"has-text-color has-medium-font-size\" id=\"u10494-5\" style=\"color:#67aaaa\"><strong>Actividades complementarias:<\/strong><\/p>\n\n\n\n<p>\u2022 Cursos b\u00e1sicos del programa.1<\/p>\n\n\n\n<p id=\"u10494-11\">\u2022 Otros cursos&nbsp;<em>ad hoc<\/em>.2<\/p>\n\n\n\n<p id=\"u10494-13\">\u2022 Elaboraci\u00f3n de un art\u00edculo (cient\u00edfico o de divulgaci\u00f3n) indicando su adscripci\u00f3n al Posgrado (Posgrado en Ciencias del Mar y Limnolog\u00eda, Universidad Nacional Aut\u00f3noma de M\u00e9xico).<\/p>\n\n\n\n<p id=\"u10494-15\">\u2022 Actividades dirigidas a la adquisici\u00f3n de habilidades docentes, autorizadas por el Comit\u00e9 Acad\u00e9mico.3<\/p>\n\n\n\n<p id=\"u10494-17\">\u2022 Impartici\u00f3n de clases en temas asociados con la investigaci\u00f3n, cuando surja la facilidad para ello.3<\/p>\n\n\n\n<p id=\"u10494-19\">\u2022 Estancias de investigaci\u00f3n (nacional o internacional).4<\/p>\n\n\n\n<p id=\"u10494-21\">\u2022 Crucero oceanogr\u00e1fico o viajes de trabajo de campo.5<\/p>\n\n\n\n<p id=\"u10494-23\">\u2022 Elaboraci\u00f3n de material de divulgaci\u00f3n o ense\u00f1anza.6<\/p>\n\n\n\n<p id=\"u10494-25\">\u2022 Participaci\u00f3n en la elaboraci\u00f3n de proyectos de investigaci\u00f3n relacionados con el tema de estudio en el doctorado (participaci\u00f3n como Co-responsable).<\/p>\n\n\n\n<p>\u2022 Direcci\u00f3n, Codirecci\u00f3n, Asesor\u00eda externa para tesis y proyectos de investigaci\u00f3n con constancia emitida por Instituci\u00f3n de Educaci\u00f3n Superior (IES)<\/p>\n\n\n\n<p id=\"u10494-27\">\u2022 Otras que autorice el Comit\u00e9 Acad\u00e9mico.<\/p>\n\n\n\n<p id=\"u10494-30\">1 En el caso de los alumnos procedentes de Programas de Maestr\u00eda diferentes al de Ciencias del Mar y Limnolog\u00eda de la UNAM, deber\u00e1n cursar:<\/p>\n\n\n\n<p id=\"u10494-32\">\u2013 m\u00ednimo 3 materias obligatorias de las 5 b\u00e1sicas de los campos de conocimiento (Oceanograf\u00eda f\u00edsica, Qu\u00edmica acu\u00e1tica, Biolog\u00eda marina, Geolog\u00eda marina y Limnolog\u00eda), afines a su tema de investigaci\u00f3n, para los alumnos inscritos al primer semestre a partir de enero 2016.<\/p>\n\n\n\n<p id=\"u10494-34\">\u2013 m\u00ednimo 3 materias obligatorias de las b\u00e1sicas de los campos de conocimiento afines a su tema de investigaci\u00f3n, para los alumnos inscritos al primer semestre antes de enero 2016 (Oceanograf\u00eda f\u00edsica, Qu\u00edmica marina, Geolog\u00eda marina y Limnolog\u00eda).<\/p>\n\n\n\n<p id=\"u10494-38\">2 Cursos optativos de nivel posgrado con valor curricular afines a su tema de investigaci\u00f3n<strong>&nbsp;(los cursos ofrecidos en el PCML en sus diferentes sedes, se pueden consultar en la pesta\u00f1a de Maestr\u00eda\/Cursos)<\/strong>; Cursos ad hoc de car\u00e1cter especializado, con una duraci\u00f3n m\u00ednima de 20 hrs.<\/p>\n\n\n\n<p id=\"u10494-40\">3 S\u00f3lo se autorizar\u00e1 una sola vez durante los estudios del doctorado (duraci\u00f3n m\u00ednima de 20 hrs.).<\/p>\n\n\n\n<p id=\"u10494-42\">4 Mayores a 15 d\u00edas donde se adquieran nuevos conocimientos de utilidad en su proyecto de investigaci\u00f3n.<\/p>\n\n\n\n<p id=\"u10494-44\">5 Relacionados con materias pr\u00e1cticas como \u201cM\u00e9todos de Investigaci\u00f3n Limnol\u00f3gica\u201d o \u201cM\u00e9todos de Muestreo en Investigaci\u00f3n Oceanogr\u00e1fica\u201d.<\/p>\n\n\n\n<p id=\"u10494-46\">6 Manuales de difusi\u00f3n relacionados con su Trabajo de Investigaci\u00f3n.<\/p>\n\n\n\n<p id=\"u10494-49\">Cada semestre los alumnos entregar\u00e1n junto con el Acta Complementaria de Evaluaci\u00f3n semestral del doctorado, el comprobante de acreditaci\u00f3n de las mismas (por ejemplo constancia de asistencia a cursos; plan de trabajo con n\u00famero de horas en apoyo a impartici\u00f3n de clases con VoBo del profesor titular y\/o responsable; estancias de investigaci\u00f3n, etc.) firmadas de conformidad por su Tutor principal. En el caso de un art\u00edculo derivado de su proyecto de investigaci\u00f3n deber\u00e1 anexar copia de dicho art\u00edculo.<\/p>\n\n\n\n<p id=\"u10494-52\">La revisi\u00f3n de las actividades complementarias la realiza la coordinaci\u00f3n del posgrado al momento de entregar la documentaci\u00f3n, sin embargo la acreditaci\u00f3n final de las actividades se da al concluir los estudios de Doctorado, de acuerdo al aval que deber\u00e1 solicitarse al Comit\u00e9 Acad\u00e9mico (ver \u201cGu\u00eda para la obtenci\u00f3n del grado\u201d). Es recomendable tener m\u00e1s de 8 actividades por si alguna no fuera considerada adecuada.<\/p>\n\n\n\n<p class=\"has-text-align-right\" id=\"u10494-55\">REV23112023<\/p>\n\n\n\n<p id=\"u10494-7\"><\/p>\n","protected":false},"excerpt":{"rendered":"<p>De acuerdo al Plan de Estudios del Doctorado en Ciencias del Mar y Limnolog\u00eda, a partir del primer semestre los alumnos deber\u00e1n realizar\/cursar las Actividades de Investigaci\u00f3n Complementarias. Para los alumnos inscritos al primer semestre a partir de enero 2016 (Nuevo Plan de Estudios, CABQYS 05\/11\/2015) se escogen de una a cuatro por semestre, hasta [&hellip;]<\/p>\n","protected":false},"author":1,"featured_media":0,"parent":0,"menu_order":0,"comment_status":"closed","ping_status":"closed","template":"","meta":{"footnotes":""},"class_list":["post-105","page","type-page","status-publish","hentry","post"],"_links":{"self":[{"href":"https:\/\/marylimnologia.posgrado.unam.mx\/index.php\/wp-json\/wp\/v2\/pages\/105","targetHints":{"allow":["GET"]}}],"collection":[{"href":"https:\/\/marylimnologia.posgrado.unam.mx\/index.php\/wp-json\/wp\/v2\/pages"}],"about":[{"href":"https:\/\/marylimnologia.posgrado.unam.mx\/index.php\/wp-json\/wp\/v2\/types\/page"}],"author":[{"embeddable":true,"href":"https:\/\/marylimnologia.posgrado.unam.mx\/index.php\/wp-json\/wp\/v2\/users\/1"}],"replies":[{"embeddable":true,"href":"https:\/\/marylimnologia.posgrado.unam.mx\/index.php\/wp-json\/wp\/v2\/comments?post=105"}],"version-history":[{"count":13,"href":"https:\/\/marylimnologia.posgrado.unam.mx\/index.php\/wp-json\/wp\/v2\/pages\/105\/revisions"}],"predecessor-version":[{"id":2683,"href":"https:\/\/marylimnologia.posgrado.unam.mx\/index.php\/wp-json\/wp\/v2\/pages\/105\/revisions\/2683"}],"wp:attachment":[{"href":"https:\/\/marylimnologia.posgrado.unam.mx\/index.php\/wp-json\/wp\/v2\/media?parent=105"}],"curies":[{"name":"wp","href":"https:\/\/api.w.org\/{rel}","templated":true}]}}